
{"id":3239,"date":"2025-10-03T15:32:06","date_gmt":"2025-10-03T14:32:06","guid":{"rendered":"https:\/\/tappin.no\/?page_id=3239"},"modified":"2025-10-08T12:58:58","modified_gmt":"2025-10-08T11:58:58","slug":"fysisk-event","status":"publish","type":"page","link":"https:\/\/tappin.no\/en\/fysisk-event\/","title":{"rendered":"<font dir=\"auto\" style=\"vertical-align: inherit;\"><font dir=\"auto\" style=\"vertical-align: inherit;\">Physical event<\/font><\/font>"},"content":{"rendered":"<div class=\"wp-block-columns is-layout-flex wp-container-core-columns-is-layout-1 wp-block-columns-is-layout-flex\">\n<div class=\"wp-block-column is-layout-flow wp-block-column-is-layout-flow\">\n<figure class=\"wp-block-image size-large\"><img decoding=\"async\" src=\"\/wp-content\/uploads\/2023\/01\/jaime-lopes-0RDBOAdnbWM-unsplash-1-1024x683.jpg\" alt=\"Fysiske arrangementer er fortsatt det st\u00f8rste, og med digitale l\u00f8sninger for fysiske arrangementer kan du engasjere dine deltakere enn\u00e5 mer.\"\/><figcaption class=\"wp-element-caption\">A successful physical event requires a digital solution that engages the participants.<\/figcaption><\/figure>\n<\/div>\n\n\n\n<div class=\"wp-block-column is-layout-flow wp-block-column-is-layout-flow\">\n<p>A successful physical event now requires <strong>digital event<\/strong> tools to engage participants and streamline planning.\u00a0<\/p>\n\n\n\n<p><strong><font dir=\"auto\" style=\"vertical-align: inherit;\"><font dir=\"auto\" style=\"vertical-align: inherit;\">While both <\/font><\/font><a href=\"https:\/\/tappin.no\/en\/digitalt-event\/\" target=\"_blank\" rel=\"noopener\" title=\"Digital events and arrangements\"><font dir=\"auto\" style=\"vertical-align: inherit;\"><font dir=\"auto\" style=\"vertical-align: inherit;\">digital<\/font><\/font><\/a><font dir=\"auto\" style=\"vertical-align: inherit;\"><font dir=\"auto\" style=\"vertical-align: inherit;\"> and <\/font><\/font><a href=\"https:\/\/tappin.no\/en\/hybrid-event\/\" target=\"_blank\" rel=\"noopener\" title=\"Hybrid events and arrangements\"><font dir=\"auto\" style=\"vertical-align: inherit;\"><font dir=\"auto\" style=\"vertical-align: inherit;\">hybrid<\/font><\/font><\/a><font dir=\"auto\" style=\"vertical-align: inherit;\"><font dir=\"auto\" style=\"vertical-align: inherit;\"> events are increasing in scope and size, the traditional physical event is still the most widely used. Whether you are organizing a breakfast seminar, conference, internal physical event, general meeting, kick-off, internal townhalls or product launch.<\/font><\/font><\/strong><\/p>\n\n\n\n<p><font dir=\"auto\" style=\"vertical-align: inherit;\"><font dir=\"auto\" style=\"vertical-align: inherit;\">The need for digital solutions for physical events is increasing, and today it is an expectation from participants that they have access to an event app, digital agenda, opportunities for digital communication, document sharing and other <\/font><\/font><a href=\"https:\/\/tappin.no\/en\/funksjoner\/\" target=\"_blank\" rel=\"noopener\" title=\"Features\"><font dir=\"auto\" style=\"vertical-align: inherit;\"><font dir=\"auto\" style=\"vertical-align: inherit;\">functions<\/font><\/font><\/a><font dir=\"auto\" style=\"vertical-align: inherit;\"><font dir=\"auto\" style=\"vertical-align: inherit;\"> when attending an event.<\/font><\/font><\/p>\n\n\n\n<p>A digital solution for physical events is both financially profitable and saves the environment. As an organizer, you provide the participants with the necessary information at the right time and a number of functions that create engagement.<\/p>\n<\/div>\n<\/div>\n\n\n\n<div style=\"height:90px\" aria-hidden=\"true\" class=\"wp-block-spacer\"><\/div>\n\n\n\n<div class=\"wp-block-columns is-layout-flex wp-container-core-columns-is-layout-2 wp-block-columns-is-layout-flex\">\n<div class=\"wp-block-column is-layout-flow wp-block-column-is-layout-flow\">\n<h3 class=\"wp-block-heading\">Invitation, Registration &amp; Communication<\/h3>\n\n\n\n<p>With Tappin, you have full control all the way from registration to registration, implementation and communication before, during and after the event.<\/p>\n\n\n\n<p>Send out invitations in good time, communicate with participants via email and SMS, send out reminders, access to the web app all from one and the same interface.<\/p>\n<\/div>\n\n\n\n<div class=\"wp-block-column is-layout-flow wp-block-column-is-layout-flow\">\n<figure class=\"wp-block-image size-large\"><img decoding=\"async\" src=\"\/wp-content\/uploads\/2023\/03\/image-1024x390.png\" alt=\"\"\/><\/figure>\n<\/div>\n<\/div>\n\n\n\n<div style=\"height:90px\" aria-hidden=\"true\" class=\"wp-block-spacer\"><\/div>\n\n\n\n<div class=\"wp-block-columns is-layout-flex wp-container-core-columns-is-layout-3 wp-block-columns-is-layout-flex\">\n<div class=\"wp-block-column is-layout-flow wp-block-column-is-layout-flow\">\n<figure class=\"wp-block-image size-large\"><img decoding=\"async\" src=\"\/wp-content\/uploads\/2023\/03\/image-2-1024x513.png\" alt=\"\"\/><\/figure>\n<\/div>\n\n\n\n<div class=\"wp-block-column is-layout-flow wp-block-column-is-layout-flow\">\n<h3 class=\"wp-block-heading has-text-align-left\">Program and agenda<\/h3>\n\n\n\n<p>With Tappin, there are no restrictions on how many breakouts and parallel sessions the event has. Build a logical and clear agenda with different tracks, own parallels and breakouts with individual live streams, video group rooms, webinars or on-demand videos.<\/p>\n\n\n\n<p>With Tappin&#039;s strong group management module, you can ensure that all participants see only what they need to see. At the same time, all participants can build their own agenda with our &quot;My calendar&quot; function.<\/p>\n<\/div>\n<\/div>\n\n\n\n<div style=\"height:90px\" aria-hidden=\"true\" class=\"wp-block-spacer\"><\/div>\n\n\n\n<div class=\"wp-block-columns is-layout-flex wp-container-core-columns-is-layout-4 wp-block-columns-is-layout-flex\">\n<div class=\"wp-block-column is-layout-flow wp-block-column-is-layout-flow\">\n<h3 class=\"wp-block-heading\">Sponsors, Partners &amp; Exhibitors<\/h3>\n\n\n\n<p>If your event has sponsors, partners or exhibitors, these can easily be entered into the system, sorted into categories and presented with their own profiles.<\/p>\n\n\n\n<p>With Tappin, each individual sponsor can have their own Live Stream, promote themselves with text, images and videos and give the participants all the information they need about the company, products and contact information.<\/p>\n<\/div>\n\n\n\n<div class=\"wp-block-column is-layout-flow wp-block-column-is-layout-flow\">\n<figure class=\"wp-block-image size-large\"><img decoding=\"async\" src=\"\/wp-content\/uploads\/2023\/03\/image-9-1024x523.png\" alt=\"\"\/><\/figure>\n<\/div>\n<\/div>\n\n\n\n<div style=\"height:90px\" aria-hidden=\"true\" class=\"wp-block-spacer\"><\/div>\n\n\n\n<div class=\"wp-block-columns is-layout-flex wp-container-core-columns-is-layout-5 wp-block-columns-is-layout-flex\">\n<div class=\"wp-block-column is-layout-flow wp-block-column-is-layout-flow\"><div class=\"wp-block-image\">\n<figure class=\"aligncenter size-large\"><img decoding=\"async\" src=\"\/wp-content\/uploads\/2023\/03\/image-3-1024x617.png\" alt=\"\"\/><\/figure><\/div><\/div>\n\n\n\n<div class=\"wp-block-column is-layout-flow wp-block-column-is-layout-flow\">\n<h3 class=\"wp-block-heading has-text-align-left\">Speakers<\/h3>\n\n\n\n<p><font dir=\"auto\" style=\"vertical-align: inherit;\"><font dir=\"auto\" style=\"vertical-align: inherit;\">Showcase the event&#8217;s speakers in the digital lobby, in the event app and on the main stage with Tappin&#8217;s speaker module.\u00a0<\/font><\/font><\/p>\n\n\n\n<p>Creating speakers is done easily in the Tappins event administration. Add a profile picture, biography, photos, videos and information about which sessions the individual speaker is participating in.<\/p>\n\n\n\n<p>Drag-and-drop the order in which you want to present speakers. Also add contact information and links to social media and websites.<\/p>\n<\/div>\n<\/div>\n\n\n\n<div style=\"height:90px\" aria-hidden=\"true\" class=\"wp-block-spacer\"><\/div>\n\n\n\n<div class=\"wp-block-columns is-layout-flex wp-container-core-columns-is-layout-6 wp-block-columns-is-layout-flex\">\n<div class=\"wp-block-column is-layout-flow wp-block-column-is-layout-flow\">\n<h3 class=\"wp-block-heading\">Information<\/h3>\n\n\n\n<p>Inform participants about what they need. Publish your own information pages with text, images and video.<\/p>\n\n\n\n<p>With a merge function, you can personalize the pages with information about the individual participant.<\/p>\n\n\n\n<p>Tappin&#039;s group management module allows you to decide who sees which information pages.<\/p>\n<\/div>\n\n\n\n<div class=\"wp-block-column is-layout-flow wp-block-column-is-layout-flow\">\n<figure class=\"wp-block-image size-large\"><img decoding=\"async\" src=\"\/wp-content\/uploads\/2023\/03\/image-6-1024x442.png\" alt=\"\"\/><\/figure>\n<\/div>\n<\/div>\n\n\n\n<div style=\"height:90px\" aria-hidden=\"true\" class=\"wp-block-spacer\"><\/div>\n\n\n\n<div class=\"wp-block-columns is-layout-flex wp-container-core-columns-is-layout-7 wp-block-columns-is-layout-flex\">\n<div class=\"wp-block-column is-layout-flow wp-block-column-is-layout-flow\"><div class=\"wp-block-image\">\n<figure class=\"aligncenter size-large\"><img decoding=\"async\" src=\"\/wp-content\/uploads\/2023\/03\/image-7-edited.png\" alt=\"\"\/><\/figure><\/div><\/div>\n\n\n\n<div class=\"wp-block-column is-layout-flow wp-block-column-is-layout-flow\">\n<h3 class=\"wp-block-heading\">Games &amp; Entertainment<\/h3>\n\n\n\n<p>Engage participants with opinion polls, polls or quizzes. <\/p>\n\n\n\n<p><font dir=\"auto\" style=\"vertical-align: inherit;\"><font dir=\"auto\" style=\"vertical-align: inherit;\">With Tappin&#8217;s gamification module, you can engage participants with fun quizzes and polls. Use the quiz module to measure knowledge transfer, conduct tests in connection with onboarding or training, or just for fun. Showcase the results on the big screen or directly in a live stream.<\/font><\/font><\/p>\n<\/div>\n<\/div>\n\n\n\n<div style=\"height:90px\" aria-hidden=\"true\" class=\"wp-block-spacer\"><\/div>\n\n\n\n<div class=\"wp-block-columns is-layout-flex wp-container-core-columns-is-layout-8 wp-block-columns-is-layout-flex\">\n<div class=\"wp-block-column is-layout-flow wp-block-column-is-layout-flow\">\n<h3 class=\"wp-block-heading has-text-align-left\">Interactivity<\/h3>\n\n\n\n<p>Tappin gives participants many opportunities for interactivity and networking.<\/p>\n\n\n\n<p>With our interactive news feed, participants can post comments and photos, comment on each other and actively participate in discussions.<\/p>\n\n\n\n<p><strong>With a 1-to-1 chat<\/strong> participants can have a direct chat with other participants regardless of whether the participant is physically or digitally present at the event.<\/p>\n<\/div>\n\n\n\n<div class=\"wp-block-column is-layout-flow wp-block-column-is-layout-flow\"><div class=\"wp-block-image\">\n<figure class=\"aligncenter size-large\"><img decoding=\"async\" src=\"\/wp-content\/uploads\/2023\/03\/image-10-edited.png\" alt=\"\"\/><\/figure><\/div><\/div>\n<\/div>\n\n\n\n<div class=\"wp-block-buttons is-content-justification-center is-layout-flex wp-container-core-buttons-is-layout-1 wp-block-buttons-is-layout-flex\">\n<div class=\"wp-block-button is-style-primary\"><a class=\"wp-block-button__link wp-element-button\" href=\"https:\/\/tappin.no\/en\/om-tappin\/kontakt-oss\/\">Contact Us for More Info<\/a><\/div>\n<\/div>\n\n\n\n<div style=\"height:70px\" aria-hidden=\"true\" class=\"wp-block-spacer\"><\/div>\n\n\n\n<h2 class=\"wp-block-heading\">Articles about physical events<\/h2>\n\n\n<div class=\"wp-block-themeisle-blocks-posts-grid\" id=\"wp-block-themeisle-blocks-posts-grid-420728aa\"><div class=\"is-grid o-posts-grid-columns-3\"><\/div> <\/div>","protected":false},"excerpt":{"rendered":"<p>A successful physical event now requires digital event tools to engage participants and streamline planning.\u00a0 While both digital and hybrid events are increasing in scope and size, the traditional physical event is still the most widely used. Whether you are organizing a breakfast seminar, conference, internal physical event, general meeting, kick-off, internal townhalls or product&hellip;&nbsp;<a href=\"https:\/\/tappin.no\/en\/fysisk-event\/\" class=\"\" rel=\"bookmark\">Read More \u00bb<span class=\"screen-reader-text\"><font dir=\"auto\" style=\"vertical-align: inherit;\"><font dir=\"auto\" style=\"vertical-align: inherit;\">Physical event<\/font><\/font><\/span><\/a><\/p>","protected":false},"author":4,"featured_media":1630,"parent":0,"menu_order":0,"comment_status":"closed","ping_status":"closed","template":"page-templates\/physical-events.php","meta":{"content-type":"","neve_meta_sidebar":"","neve_meta_container":"","neve_meta_enable_content_width":"","neve_meta_content_width":0,"neve_meta_title_alignment":"","neve_meta_author_avatar":"","neve_post_elements_order":"","neve_meta_disable_header":"","neve_meta_disable_footer":"","neve_meta_disable_title":"off","_themeisle_gutenberg_block_has_review":false,"footnotes":""},"class_list":["post-3239","page","type-page","status-publish","has-post-thumbnail","hentry"],"acf":[],"aioseo_notices":[],"_links":{"self":[{"href":"https:\/\/tappin.no\/en\/wp-json\/wp\/v2\/pages\/3239"}],"collection":[{"href":"https:\/\/tappin.no\/en\/wp-json\/wp\/v2\/pages"}],"about":[{"href":"https:\/\/tappin.no\/en\/wp-json\/wp\/v2\/types\/page"}],"author":[{"embeddable":true,"href":"https:\/\/tappin.no\/en\/wp-json\/wp\/v2\/users\/4"}],"replies":[{"embeddable":true,"href":"https:\/\/tappin.no\/en\/wp-json\/wp\/v2\/comments?post=3239"}],"version-history":[{"count":3,"href":"https:\/\/tappin.no\/en\/wp-json\/wp\/v2\/pages\/3239\/revisions"}],"predecessor-version":[{"id":3319,"href":"https:\/\/tappin.no\/en\/wp-json\/wp\/v2\/pages\/3239\/revisions\/3319"}],"wp:featuredmedia":[{"embeddable":true,"href":"https:\/\/tappin.no\/en\/wp-json\/wp\/v2\/media\/1630"}],"wp:attachment":[{"href":"https:\/\/tappin.no\/en\/wp-json\/wp\/v2\/media?parent=3239"}],"curies":[{"name":"wp","href":"https:\/\/api.w.org\/{rel}","templated":true}]}}