
{"id":531,"date":"2023-01-03T14:41:52","date_gmt":"2023-01-03T13:41:52","guid":{"rendered":"http:\/\/16.170.3.250\/?page_id=531"},"modified":"2025-10-08T13:10:47","modified_gmt":"2025-10-08T12:10:47","slug":"gdpr-informasjon","status":"publish","type":"page","link":"https:\/\/tappin.no\/en\/gdpr-informasjon\/","title":{"rendered":"GDPR information"},"content":{"rendered":"<div class=\"wp-block-cover alignfull\"><span aria-hidden=\"true\" class=\"wp-block-cover__background has-background-dim\"><\/span><img loading=\"lazy\" decoding=\"async\" width=\"1024\" height=\"577\" class=\"wp-block-cover__image-background wp-image-2227\" alt=\"GDPR\" src=\"http:\/\/tappin.no\/wp-content\/uploads\/2024\/02\/GDPR_pagetop-1024x577.png\" data-object-fit=\"cover\" srcset=\"https:\/\/tappin.no\/wp-content\/uploads\/2024\/02\/GDPR_pagetop-1024x577.png 1024w, https:\/\/tappin.no\/wp-content\/uploads\/2024\/02\/GDPR_pagetop-300x169.png 300w, https:\/\/tappin.no\/wp-content\/uploads\/2024\/02\/GDPR_pagetop-768x433.png 768w, https:\/\/tappin.no\/wp-content\/uploads\/2024\/02\/GDPR_pagetop-1536x865.png 1536w, https:\/\/tappin.no\/wp-content\/uploads\/2024\/02\/GDPR_pagetop-18x10.png 18w, https:\/\/tappin.no\/wp-content\/uploads\/2024\/02\/GDPR_pagetop.png 1640w\" sizes=\"(max-width: 1024px) 100vw, 1024px\" \/><div class=\"wp-block-cover__inner-container is-layout-flow wp-block-cover-is-layout-flow\">\n<div class=\"container\"><p class=\"has-text-align-left has-nv-site-bg-color has-text-color has-link-color class-bg-custom\" style=\"font-size:70px;font-style:normal;font-weight:600\">GDPR information<\/p><\/div>\n<\/div><\/div>\n\n\n\n<p>At Tappin AS, we understand the importance of privacy and data protection. We are committed to protecting the personal data of our customers and users in line with the EU&#039;s General Data Protection Regulation (GDPR). Here&#039;s how we ensure full GDPR compliance:<\/p>\n\n\n\n<h4 class=\"wp-block-heading\">Localized and Secure Hosting<\/h4>\n\n\n\n<ul class=\"wp-block-list\">\n<li><strong>Microsoft Azure Hosting in Norway:<\/strong> We use Microsoft Azure for our hosting services, located in Norway. This ensures that the data is handled within the EU\/EEA area, in accordance with GDPR requirements.<\/li>\n<\/ul>\n\n\n\n<h4 class=\"wp-block-heading\">Certified Data Protection Officer<\/h4>\n\n\n\n<ul class=\"wp-block-list\">\n<li><strong>Certified Data Protection Officer:<\/strong> We have a certified data protection representative who ensures that our processes and practices comply with the GDPR&#039;s standards.<\/li>\n<\/ul>\n\n\n\n<h4 class=\"wp-block-heading\">Data processor agreements<\/h4>\n\n\n\n<ul class=\"wp-block-list\">\n<li><strong>Individual <a href=\"https:\/\/tappin.no\/en\/databehandleravtale\/\" target=\"_blank\" rel=\"noopener\" title=\"\">Data Processing Agreements<\/a><\/strong>: For each of our customers, we establish a separate data processing agreement. This ensures that the handling of personal data is carried out in accordance with the strict requirements of the GDPR.<\/li>\n<\/ul>\n\n\n\n<h4 class=\"wp-block-heading\">DPIA - Data Protection Impact Assessment<\/h4>\n\n\n\n<ul class=\"wp-block-list\">\n<li><strong>Implementation of DPIA:<\/strong> DPIA stands for Data Protection Impact Assessment. It is a process to identify and minimize the risk associated with personal data. We carry out the DPIA in accordance with the GDPR&#039;s rules and recommendations to ensure that our data processing activities do not pose a risk to the rights and freedoms of individuals.<\/li>\n<\/ul>\n\n\n\n<h4 class=\"wp-block-heading\"><font dir=\"auto\" style=\"vertical-align: inherit;\"><font dir=\"auto\" style=\"vertical-align: inherit;\">Non-conformity Reporting and Incident Systems\u00a0<\/font><\/font><\/h4>\n\n\n\n<ul class=\"wp-block-list\">\n<li><font dir=\"auto\" style=\"vertical-align: inherit;\"><font dir=\"auto\" style=\"vertical-align: inherit;\"><strong>Incident Reporting and Event Logging<\/strong>: We have implemented systems for immediate reporting and handling of any incidents or security incidents. This ensures a rapid response and necessary action to protect the data of our customers and their users.\u00a0<\/font><\/font><\/li>\n<\/ul>\n\n\n\n<h4 class=\"wp-block-heading\"><font dir=\"auto\" style=\"vertical-align: inherit;\"><font dir=\"auto\" style=\"vertical-align: inherit;\">Compliance with the Danish Data Protection Agency&#8217;s Recommendations<\/font><\/font><\/h4>\n\n\n\n<ul class=\"wp-block-list\">\n<li><strong>Follows recommendations from the Norwegian Data Protection Authority:<\/strong> We closely monitor and implement the Norwegian Data Protection Authority&#039;s recommendations to ensure that we are always up-to-date on best practices in data protection.<\/li>\n<\/ul>\n\n\n\n<h4 class=\"wp-block-heading\">Standard Contractual Clauses (SCC)<\/h4>\n\n\n\n<ul class=\"wp-block-list\">\n<li><strong>Use of SCC:<\/strong> We use Standard Contractual Clauses (SCC) to ensure that data transfers to countries outside the EU\/EEA take place in accordance with the GDPR.<\/li>\n<\/ul>\n\n\n\n<h4 class=\"wp-block-heading\">Internal Training and Awareness<\/h4>\n\n\n\n<ul class=\"wp-block-list\">\n<li><strong>Separate training program for employees:<\/strong> We have implemented an internal training and awareness program for all employees to ensure understanding and compliance with GDPR standards in all handling of personal data.<\/li>\n<\/ul>\n\n\n\n<h4 class=\"wp-block-heading\">Review of Privacy Practices<\/h4>\n\n\n\n<ul class=\"wp-block-list\">\n<li><strong>Regular Review:<\/strong> We conduct an annual review of our privacy practices to ensure they remain up-to-date and in line with the latest GDPR requirements.<\/li>\n<\/ul>\n\n\n\n<h4 class=\"wp-block-heading\">Protection of Individual Rights<\/h4>\n\n\n\n<ul class=\"wp-block-list\">\n<li><strong>User rights under GDPR:<\/strong> We respect and facilitate all individual rights under the GDPR. This includes the right to access, rectification, erasure (the right to be forgotten), data portability, and the right to object to the processing of your data.<\/li>\n<\/ul>\n\n\n\n<h4 class=\"wp-block-heading\">Security measures and risk management<\/h4>\n\n\n\n<ul class=\"wp-block-list\">\n<li><strong>Extensive Encryption and Internal Procedures:<\/strong> To protect personal data, Tappin uses advanced encryption technology and strong internal security procedures.<\/li>\n<\/ul>\n\n\n\n<h4 class=\"wp-block-heading\">Cooperation with third parties<\/h4>\n\n\n\n<ul class=\"wp-block-list\">\n<li><font dir=\"auto\" style=\"vertical-align: inherit;\"><font dir=\"auto\" style=\"vertical-align: inherit;\"><strong>Collaboration and Consulting<\/strong>: We collaborate primarily with our customers and partners, where we often act as data processors. We ensure that all data exchanges with third parties comply with GDPR and assist with consulting and quality assurance in this process.\u00a0<\/font><\/font><\/li>\n<\/ul>\n\n\n\n<h4 class=\"wp-block-heading\">Contact information for Privacy issues<\/h4>\n\n\n\n<ul class=\"wp-block-list\">\n<li><strong>Contact Us for Privacy-related Inquiries:<\/strong> For questions about privacy, please contact us at <a>gdpr@tappin.no<\/a> or call us on +47 22 12 02 42.<\/li>\n<\/ul>\n\n\n\n<h4 class=\"wp-block-heading\">Storage of Compliance documents<\/h4>\n\n\n\n<ul class=\"wp-block-list\">\n<li style=\"padding-top:0px;padding-bottom:48px\"><strong><font dir=\"auto\" style=\"vertical-align: inherit;\"><font dir=\"auto\" style=\"vertical-align: inherit;\">Documentation routines:<\/font><\/font><\/strong><font dir=\"auto\" style=\"vertical-align: inherit;\"><font dir=\"auto\" style=\"vertical-align: inherit;\"> We have established systems for storing compliance documents, where we use solutions from Tavler.no ( <\/font><\/font><a href=\"https:\/\/tavler.no\" target=\"_blank\" rel=\"noopener\" title=\"\"><font dir=\"auto\" style=\"vertical-align: inherit;\"><font dir=\"auto\" style=\"vertical-align: inherit;\">www.tavler.no<\/font><\/font><\/a><font dir=\"auto\" style=\"vertical-align: inherit;\"><font dir=\"auto\" style=\"vertical-align: inherit;\"> ) to ensure accuracy and availability of important documentation.<\/font><\/font><\/li>\n<\/ul>","protected":false},"excerpt":{"rendered":"<p>Hos Tappin AS forst\u00e5r vi viktigheten av personvern og databeskyttelse. Vi er forpliktet til \u00e5 beskytte personopplysningene til v\u00e5re kunder og brukere i tr\u00e5d med EUs personvernforordning (GDPR). Her er hvordan vi sikrer full overholdelse av GDPR: Lokalisert og Sikker Hosting Sertifisert Personvernombud Databehandleravtaler DPIA &#8211; Data Protection Impact Assessment Non-conformity Reporting and Incident Systems\u00a0&hellip;&nbsp;<a href=\"https:\/\/tappin.no\/en\/gdpr-informasjon\/\" class=\"\" rel=\"bookmark\">Read More \u00bb<span class=\"screen-reader-text\">GDPR information<\/span><\/a><\/p>","protected":false},"author":1,"featured_media":2227,"parent":0,"menu_order":0,"comment_status":"closed","ping_status":"closed","template":"","meta":{"content-type":"","neve_meta_sidebar":"","neve_meta_container":"","neve_meta_enable_content_width":"","neve_meta_content_width":0,"neve_meta_title_alignment":"","neve_meta_author_avatar":"","neve_post_elements_order":"","neve_meta_disable_header":"off","neve_meta_disable_footer":"off","neve_meta_disable_title":"off","_themeisle_gutenberg_block_has_review":false,"footnotes":""},"class_list":["post-531","page","type-page","status-publish","has-post-thumbnail","hentry"],"acf":[],"aioseo_notices":[],"_links":{"self":[{"href":"https:\/\/tappin.no\/en\/wp-json\/wp\/v2\/pages\/531"}],"collection":[{"href":"https:\/\/tappin.no\/en\/wp-json\/wp\/v2\/pages"}],"about":[{"href":"https:\/\/tappin.no\/en\/wp-json\/wp\/v2\/types\/page"}],"author":[{"embeddable":true,"href":"https:\/\/tappin.no\/en\/wp-json\/wp\/v2\/users\/1"}],"replies":[{"embeddable":true,"href":"https:\/\/tappin.no\/en\/wp-json\/wp\/v2\/comments?post=531"}],"version-history":[{"count":10,"href":"https:\/\/tappin.no\/en\/wp-json\/wp\/v2\/pages\/531\/revisions"}],"predecessor-version":[{"id":3322,"href":"https:\/\/tappin.no\/en\/wp-json\/wp\/v2\/pages\/531\/revisions\/3322"}],"wp:featuredmedia":[{"embeddable":true,"href":"https:\/\/tappin.no\/en\/wp-json\/wp\/v2\/media\/2227"}],"wp:attachment":[{"href":"https:\/\/tappin.no\/en\/wp-json\/wp\/v2\/media?parent=531"}],"curies":[{"name":"wp","href":"https:\/\/api.w.org\/{rel}","templated":true}]}}